{"id":15,"date":"2023-01-05T13:21:02","date_gmt":"2023-01-05T13:21:02","guid":{"rendered":"http:\/\/www.airadar-earthquake.yildiz.edu.tr\/?page_id=15"},"modified":"2023-01-05T14:07:00","modified_gmt":"2023-01-05T14:07:00","slug":"calisma-ekibi","status":"publish","type":"page","link":"http:\/\/www.airadar-earthquake.yildiz.edu.tr\/index.php\/calisma-ekibi\/","title":{"rendered":"\u00c7ALI\u015eMA EK\u0130B\u0130"},"content":{"rendered":"\n<p><\/p>\n\n\n\n<p>Prof. Dr. Ahmet K\u0131z\u0131lay <\/p>\n\n\n\n<p><a href=\"https:\/\/avesis.yildiz.edu.tr\/akizilay\" data-type=\"URL\" data-id=\"https:\/\/avesis.yildiz.edu.tr\/akizilay\">https:\/\/avesis.yildiz.edu.tr\/akizilay<\/a><\/p>\n\n\n\n<p>Prof. Dr. Ahmet Serdar T\u00fcrk <\/p>\n\n\n\n<p><a href=\"https:\/\/avesis.yildiz.edu.tr\/asturk\" data-type=\"URL\" data-id=\"https:\/\/avesis.yildiz.edu.tr\/asturk\">https:\/\/avesis.yildiz.edu.tr\/asturk<\/a><\/p>\n\n\n\n<p>Prof. Dr. Burcu Erkmen <\/p>\n\n\n\n<p><a href=\"https:\/\/avesis.yildiz.edu.tr\/bkapan\" data-type=\"URL\" data-id=\"https:\/\/avesis.yildiz.edu.tr\/bkapan\">https:\/\/avesis.yildiz.edu.tr\/bkapan<\/a><\/p>\n\n\n\n<p>Prof. Dr. Nabi Y\u00fczer <\/p>\n\n\n\n<p><a href=\"https:\/\/avesis.yildiz.edu.tr\/nyuzer\" data-type=\"URL\" data-id=\"https:\/\/avesis.yildiz.edu.tr\/nyuzer\">https:\/\/avesis.yildiz.edu.tr\/nyuzer<\/a><\/p>\n\n\n\n<p>Prof. Dr. Nurhan T\u00fcrker Tokan <\/p>\n\n\n\n<p><a href=\"https:\/\/avesis.yildiz.edu.tr\/nturker\" data-type=\"URL\" data-id=\"https:\/\/avesis.yildiz.edu.tr\/nturker\">https:\/\/avesis.yildiz.edu.tr\/nturker<\/a><\/p>\n\n\n\n<p>Do\u00e7. Dr. Peyman Mahouti <\/p>\n\n\n\n<p><\/p>\n\n\n\n<p><a href=\"https:\/\/avesis.yildiz.edu.tr\/pmahouti\/\" data-type=\"URL\" data-id=\"https:\/\/avesis.yildiz.edu.tr\/pmahouti\/\">https:\/\/avesis.yildiz.edu.tr\/pmahouti<\/a><\/p>\n\n\n\n<p>Dr. \u00d6\u011fr. \u00dcyesi Alper \u00c7al\u0131\u015fkan <\/p>\n\n\n\n<p><a href=\"https:\/\/avesis.yildiz.edu.tr\/alperc\" data-type=\"URL\" data-id=\"https:\/\/avesis.yildiz.edu.tr\/alperc\">https:\/\/avesis.yildiz.edu.tr\/alperc<\/a><\/p>\n\n\n\n<p>Ar\u015f. G\u00f6r. Cihan Bereketo\u011flu <\/p>\n\n\n\n<p><a href=\"https:\/\/avesis.yildiz.edu.tr\/cihanb\" data-type=\"URL\" data-id=\"https:\/\/avesis.yildiz.edu.tr\/cihanb\">https:\/\/avesis.yildiz.edu.tr\/cihanb<\/a><\/p>\n\n\n\n<p>Ar\u015f. G\u00f6r. \u00d6zden Niyaz <\/p>\n\n\n\n<p><a href=\"https:\/\/avesis.yildiz.edu.tr\/oniyaz\" data-type=\"URL\" data-id=\"https:\/\/avesis.yildiz.edu.tr\/oniyaz\">https:\/\/avesis.yildiz.edu.tr\/oniyaz<\/a><\/p>\n\n\n\n<p>Beyza \u00c7elik<\/p>\n\n\n\n<p>Tolgahan T\u00fcyl\u00fc<\/p>\n","protected":false},"excerpt":{"rendered":"<p>Prof. Dr. Ahmet K\u0131z\u0131lay https:\/\/avesis.yildiz.edu.tr\/akizilay Prof. Dr. Ahmet Serdar T\u00fcrk https:\/\/avesis.yildiz.edu.tr\/asturk Prof. Dr. Burcu Erkmen https:\/\/avesis.yildiz.edu.tr\/bkapan Prof. Dr. Nabi Y\u00fczer https:\/\/avesis.yildiz.edu.tr\/nyuzer Prof. Dr. Nurhan T\u00fcrker Tokan https:\/\/avesis.yildiz.edu.tr\/nturker Do\u00e7. Dr. Peyman Mahouti https:\/\/avesis.yildiz.edu.tr\/pmahouti Dr. \u00d6\u011fr. \u00dcyesi Alper \u00c7al\u0131\u015fkan https:\/\/avesis.yildiz.edu.tr\/alperc Ar\u015f. G\u00f6r. Cihan Bereketo\u011flu https:\/\/avesis.yildiz.edu.tr\/cihanb Ar\u015f. G\u00f6r. \u00d6zden Niyaz https:\/\/avesis.yildiz.edu.tr\/oniyaz Beyza \u00c7elik Tolgahan T\u00fcyl\u00fc<\/p>\n","protected":false},"author":1,"featured_media":0,"parent":0,"menu_order":0,"comment_status":"closed","ping_status":"closed","template":"","meta":{"footnotes":""},"_links":{"self":[{"href":"http:\/\/www.airadar-earthquake.yildiz.edu.tr\/index.php\/wp-json\/wp\/v2\/pages\/15"}],"collection":[{"href":"http:\/\/www.airadar-earthquake.yildiz.edu.tr\/index.php\/wp-json\/wp\/v2\/pages"}],"about":[{"href":"http:\/\/www.airadar-earthquake.yildiz.edu.tr\/index.php\/wp-json\/wp\/v2\/types\/page"}],"author":[{"embeddable":true,"href":"http:\/\/www.airadar-earthquake.yildiz.edu.tr\/index.php\/wp-json\/wp\/v2\/users\/1"}],"replies":[{"embeddable":true,"href":"http:\/\/www.airadar-earthquake.yildiz.edu.tr\/index.php\/wp-json\/wp\/v2\/comments?post=15"}],"version-history":[{"count":4,"href":"http:\/\/www.airadar-earthquake.yildiz.edu.tr\/index.php\/wp-json\/wp\/v2\/pages\/15\/revisions"}],"predecessor-version":[{"id":59,"href":"http:\/\/www.airadar-earthquake.yildiz.edu.tr\/index.php\/wp-json\/wp\/v2\/pages\/15\/revisions\/59"}],"wp:attachment":[{"href":"http:\/\/www.airadar-earthquake.yildiz.edu.tr\/index.php\/wp-json\/wp\/v2\/media?parent=15"}],"curies":[{"name":"wp","href":"https:\/\/api.w.org\/{rel}","templated":true}]}}