{"id":74,"date":"2023-02-03T15:45:40","date_gmt":"2023-02-03T15:45:40","guid":{"rendered":"http:\/\/www.airadar-earthquake.yildiz.edu.tr\/?page_id=74"},"modified":"2023-02-03T16:34:41","modified_gmt":"2023-02-03T16:34:41","slug":"deprem-sonrasi-ortamin-modellenmesi","status":"publish","type":"page","link":"http:\/\/www.airadar-earthquake.yildiz.edu.tr\/index.php\/deprem-sonrasi-ortamin-modellenmesi\/","title":{"rendered":"Deprem Sonras\u0131 Ortam\u0131n Modellenmesi"},"content":{"rendered":"\n<p>Projemizde deprem sonras\u0131nda olu\u015fan g\u00f6\u00e7\u00fck i\u00e7erisindeki canl\u0131n\u0131n tespiti hedeflenmektedir. \u00d6ncelikle benzetim ortam\u0131nda canl\u0131n\u0131n tespiti yap\u0131lacakt\u0131r. Canl\u0131n\u0131n hareketi (kalp at\u0131\u015f\u0131, solunum hareketi, fiziksel hareket) canl\u0131n\u0131n g\u00f6\u00e7\u00fck i\u00e7erisindeki varl\u0131\u011f\u0131n\u0131n tespitinde \u00f6nemli rol oynamaktad\u0131r. Canl\u0131n\u0131n g\u00f6\u00e7\u00fck i\u00e7erisinde farkl\u0131 konumlarda bulunmas\u0131 m\u00fcmk\u00fcnd\u00fcr. Bu sebeple benzetim ortam\u0131ndaki g\u00f6\u00e7\u00fck modeli \u00fc\u00e7 boyutta \u0131zgara formunda b\u00f6lgelere ayr\u0131lm\u0131\u015ft\u0131r. Izgara formundaki g\u00f6\u00e7\u00fck modeli \u015fekilde g\u00f6sterilmi\u015ftir. G\u00f6\u00e7\u00fc\u011f\u00fcn taban\u0131 x-y d\u00fczleminde, pozitif \u00e7eyreklikte, k\u00f6\u015fesi orijine gelecek \u015fekilde konumland\u0131r\u0131lm\u0131\u015ft\u0131r. Canl\u0131 g\u00f6\u00e7\u00fck i\u00e7erisinde farkl\u0131 \u0131zgara ke\u015fi\u015fim noktalar\u0131nda konumland\u0131r\u0131larak hareket tespiti yap\u0131lacakt\u0131r.<\/p>\n\n\n\n<figure class=\"wp-block-image\"><img decoding=\"async\" src=\"\" alt=\"\"\/><\/figure>\n\n\n\n<p><strong>\u015eekil 3 <\/strong>G\u00f6\u00e7\u00fck modelinin \u0131zgara g\u00f6sterimi<\/p>\n\n\n\n<p>Deprem sonras\u0131 i\u00e7in olu\u015fturulan bina g\u00f6\u00e7\u00fck modeli i\u00e7erinde bulunan canl\u0131n\u0131n elektriksel \u00f6zellikleri \u00f6nemli bir di\u011fer husustur. \u0130nsan v\u00fccudunun elektromagnetik modeli kullan\u0131larak, deprem gibi afetler sonras\u0131nda farkl\u0131 kurtarma senaryolar\u0131 incelenebilir ve hayat kurtarmak i\u00e7in etkili radar sistemleri geli\u015ftirilebilir. I\u015f\u0131n izleme ve elektromagnetik say\u0131sal teknikler kullan\u0131larak sa\u00e7\u0131lan alanlar\u0131n h\u0131zl\u0131 ve do\u011fru hesaplanmas\u0131 i\u00e7in \u00e7ok say\u0131da modelleme y\u00f6ntemleri, farkl\u0131 uygulama senaryolar\u0131 i\u00e7in kullan\u0131lm\u0131\u015ft\u0131r. \u0130nsan fantom modeli olu\u015fturulurken insan v\u00fccuduna ait bir\u00e7ok parametrenin g\u00f6z \u00f6n\u00fcnde bulundurulmas\u0131 gerekir.&nbsp; Bu parametreler insan v\u00fccudunun fizyolojisi, fiziksel \u00f6zellikleri ve dokular\u0131n elektriksel \u00f6zelliklerini tan\u0131mlamaktad\u0131r. \u015eekil 4\u2019te olu\u015fturulan insan modeli g\u00f6sterilmi\u015ftir.<\/p>\n\n\n\n<figure class=\"wp-block-image\"><img decoding=\"async\" src=\"\" alt=\"metin, aksesuar i\u00e7eren bir resim\n\nA\u00e7\u0131klama otomatik olarak olu\u015fturuldu\"\/><\/figure>\n\n\n\n<figure class=\"wp-block-image\"><img decoding=\"async\" src=\"\" alt=\"\"\/><\/figure>\n\n\n\n<p><strong>\u015eekil 4<\/strong> \u0130nsan fantomu (a) \u00fcst g\u00f6vde modeli (b) t\u00fcm v\u00fccut.<\/p>\n","protected":false},"excerpt":{"rendered":"<p>Projemizde deprem sonras\u0131nda olu\u015fan g\u00f6\u00e7\u00fck i\u00e7erisindeki canl\u0131n\u0131n tespiti hedeflenmektedir. \u00d6ncelikle benzetim ortam\u0131nda canl\u0131n\u0131n tespiti yap\u0131lacakt\u0131r. Canl\u0131n\u0131n hareketi (kalp at\u0131\u015f\u0131, solunum hareketi, fiziksel hareket) canl\u0131n\u0131n g\u00f6\u00e7\u00fck i\u00e7erisindeki varl\u0131\u011f\u0131n\u0131n tespitinde \u00f6nemli rol oynamaktad\u0131r. Canl\u0131n\u0131n g\u00f6\u00e7\u00fck i\u00e7erisinde farkl\u0131 konumlarda bulunmas\u0131 m\u00fcmk\u00fcnd\u00fcr. Bu sebeple benzetim ortam\u0131ndaki g\u00f6\u00e7\u00fck modeli \u00fc\u00e7 boyutta \u0131zgara formunda b\u00f6lgelere ayr\u0131lm\u0131\u015ft\u0131r. Izgara formundaki g\u00f6\u00e7\u00fck modeli \u015fekilde&#8230;<\/p>\n","protected":false},"author":1,"featured_media":0,"parent":0,"menu_order":0,"comment_status":"closed","ping_status":"closed","template":"","meta":{"footnotes":""},"_links":{"self":[{"href":"http:\/\/www.airadar-earthquake.yildiz.edu.tr\/index.php\/wp-json\/wp\/v2\/pages\/74"}],"collection":[{"href":"http:\/\/www.airadar-earthquake.yildiz.edu.tr\/index.php\/wp-json\/wp\/v2\/pages"}],"about":[{"href":"http:\/\/www.airadar-earthquake.yildiz.edu.tr\/index.php\/wp-json\/wp\/v2\/types\/page"}],"author":[{"embeddable":true,"href":"http:\/\/www.airadar-earthquake.yildiz.edu.tr\/index.php\/wp-json\/wp\/v2\/users\/1"}],"replies":[{"embeddable":true,"href":"http:\/\/www.airadar-earthquake.yildiz.edu.tr\/index.php\/wp-json\/wp\/v2\/comments?post=74"}],"version-history":[{"count":2,"href":"http:\/\/www.airadar-earthquake.yildiz.edu.tr\/index.php\/wp-json\/wp\/v2\/pages\/74\/revisions"}],"predecessor-version":[{"id":88,"href":"http:\/\/www.airadar-earthquake.yildiz.edu.tr\/index.php\/wp-json\/wp\/v2\/pages\/74\/revisions\/88"}],"wp:attachment":[{"href":"http:\/\/www.airadar-earthquake.yildiz.edu.tr\/index.php\/wp-json\/wp\/v2\/media?parent=74"}],"curies":[{"name":"wp","href":"https:\/\/api.w.org\/{rel}","templated":true}]}}