{"id":76,"date":"2023-02-03T15:46:20","date_gmt":"2023-02-03T15:46:20","guid":{"rendered":"http:\/\/www.airadar-earthquake.yildiz.edu.tr\/?page_id=76"},"modified":"2023-02-03T16:34:27","modified_gmt":"2023-02-03T16:34:27","slug":"hedef-tespit-ve-teshis-algoritmalarinin-gelistirilmesi","status":"publish","type":"page","link":"http:\/\/www.airadar-earthquake.yildiz.edu.tr\/index.php\/hedef-tespit-ve-teshis-algoritmalarinin-gelistirilmesi\/","title":{"rendered":"Hedef Tespit ve Te\u015fhis Algoritmalar\u0131n\u0131n Geli\u015ftirilmesi"},"content":{"rendered":"\n<p>Deprem sonras\u0131 senaryoyu temsil eden g\u00f6\u00e7\u00fck modelinin i\u00e7erisine yerle\u015ftirilen fantom ile benzetim neticesinde elde edilen S parametresi-frekans bilgilerinin, yapay zeka ve derin \u00f6\u011frenme y\u00f6ntemleriyle canl\u0131 tespitine uygunlu\u011funu g\u00f6zlenmi\u015ftir.<\/p>\n","protected":false},"excerpt":{"rendered":"<p>Deprem sonras\u0131 senaryoyu temsil eden g\u00f6\u00e7\u00fck modelinin i\u00e7erisine yerle\u015ftirilen fantom ile benzetim neticesinde elde edilen S parametresi-frekans bilgilerinin, yapay zeka ve derin \u00f6\u011frenme y\u00f6ntemleriyle canl\u0131 tespitine uygunlu\u011funu g\u00f6zlenmi\u015ftir.<\/p>\n","protected":false},"author":1,"featured_media":0,"parent":0,"menu_order":0,"comment_status":"closed","ping_status":"closed","template":"","meta":{"footnotes":""},"_links":{"self":[{"href":"http:\/\/www.airadar-earthquake.yildiz.edu.tr\/index.php\/wp-json\/wp\/v2\/pages\/76"}],"collection":[{"href":"http:\/\/www.airadar-earthquake.yildiz.edu.tr\/index.php\/wp-json\/wp\/v2\/pages"}],"about":[{"href":"http:\/\/www.airadar-earthquake.yildiz.edu.tr\/index.php\/wp-json\/wp\/v2\/types\/page"}],"author":[{"embeddable":true,"href":"http:\/\/www.airadar-earthquake.yildiz.edu.tr\/index.php\/wp-json\/wp\/v2\/users\/1"}],"replies":[{"embeddable":true,"href":"http:\/\/www.airadar-earthquake.yildiz.edu.tr\/index.php\/wp-json\/wp\/v2\/comments?post=76"}],"version-history":[{"count":3,"href":"http:\/\/www.airadar-earthquake.yildiz.edu.tr\/index.php\/wp-json\/wp\/v2\/pages\/76\/revisions"}],"predecessor-version":[{"id":86,"href":"http:\/\/www.airadar-earthquake.yildiz.edu.tr\/index.php\/wp-json\/wp\/v2\/pages\/76\/revisions\/86"}],"wp:attachment":[{"href":"http:\/\/www.airadar-earthquake.yildiz.edu.tr\/index.php\/wp-json\/wp\/v2\/media?parent=76"}],"curies":[{"name":"wp","href":"https:\/\/api.w.org\/{rel}","templated":true}]}}